{"id":86,"date":"2021-06-26T00:43:10","date_gmt":"2021-06-25T22:43:10","guid":{"rendered":"https:\/\/dhplus.pl\/?page_id=86"},"modified":"2024-10-15T10:27:15","modified_gmt":"2024-10-15T08:27:15","slug":"cennik","status":"publish","type":"page","link":"https:\/\/dhplus.pl\/index.php\/cennik\/","title":{"rendered":"Cennik"},"content":{"rendered":"\n<p>Oferujemy pojedynczy nocleg od 100zl\/osob\u0119\/noc, przy pobytach powy\u017cej 3 dni 90 z\u0142 za  os\/noc,  ka\u017cda kolejna 80 z\u0142 os\/noc. Przy pobytach dla grup prosz\u0119 o kontakt. Do dyspozycji Go\u015bci wyposa\u017cona kuchnia, jadalnia oraz wiata grillowa i ogr\u00f3dek, ruska bania, sauna. W zak\u0142adce promocje informacje o ofertach. W przypadku grup zorganizowanych mo\u017cliwa negocjacja ceny. Odwo\u0142anie rezerwacji mo\u017cliwe dwa tygodnie przed planowanym pobytem &#8211; nie dotyczy \u015bwi\u0105t.<\/p>\n\n\n\n<figure class=\"wp-block-image size-large\"><img loading=\"lazy\" decoding=\"async\" width=\"300\" height=\"168\" src=\"https:\/\/dhplus.pl\/wp-content\/uploads\/2021\/06\/indeks.png\" alt=\"\" class=\"wp-image-41\"\/><\/figure>\n","protected":false},"excerpt":{"rendered":"<p>Oferujemy pojedynczy nocleg od 100zl\/osob\u0119\/noc, przy pobytach powy\u017cej 3 dni 90 z\u0142 za os\/noc, ka\u017cda kolejna 80 z\u0142 os\/noc. Przy pobytach dla grup prosz\u0119 o kontakt. Do dyspozycji Go\u015bci wyposa\u017cona kuchnia, jadalnia oraz wiata grillowa i ogr\u00f3dek, ruska bania, sauna. W zak\u0142adce promocje informacje o ofertach. W przypadku grup zorganizowanych mo\u017cliwa negocjacja ceny. Odwo\u0142anie rezerwacji mo\u017cliwe dwa tygodnie przed planowanym pobytem &#8211; nie dotyczy \u015bwi\u0105t.<\/p>\n","protected":false},"author":1,"featured_media":0,"parent":0,"menu_order":0,"comment_status":"closed","ping_status":"closed","template":"","meta":{"footnotes":""},"class_list":["post-86","page","type-page","status-publish","hentry"],"yoast_head":"<!-- This site is optimized with the Yoast SEO plugin v24.1 - https:\/\/yoast.com\/wordpress\/plugins\/seo\/ -->\n<title>Cennik - DH+<\/title>\n<meta name=\"robots\" content=\"index, follow, max-snippet:-1, max-image-preview:large, max-video-preview:-1\" \/>\n<link rel=\"canonical\" href=\"https:\/\/dhplus.pl\/index.php\/cennik\/\" \/>\n<meta property=\"og:locale\" content=\"pl_PL\" \/>\n<meta property=\"og:type\" content=\"article\" \/>\n<meta property=\"og:title\" content=\"Cennik - DH+\" \/>\n<meta property=\"og:description\" content=\"Oferujemy pojedynczy nocleg od 100zl\/osob\u0119\/noc, przy pobytach powy\u017cej 3 dni 90 z\u0142 za os\/noc, ka\u017cda kolejna 80 z\u0142 os\/noc. Przy pobytach dla grup prosz\u0119 o kontakt. Do dyspozycji Go\u015bci wyposa\u017cona kuchnia, jadalnia oraz wiata grillowa i ogr\u00f3dek, ruska bania, sauna. W zak\u0142adce promocje informacje o ofertach. W przypadku grup zorganizowanych mo\u017cliwa negocjacja ceny. Odwo\u0142anie rezerwacji mo\u017cliwe dwa tygodnie przed planowanym pobytem &#8211; nie dotyczy \u015bwi\u0105t.\" \/>\n<meta property=\"og:url\" content=\"https:\/\/dhplus.pl\/index.php\/cennik\/\" \/>\n<meta property=\"og:site_name\" content=\"DH+\" \/>\n<meta property=\"article:modified_time\" content=\"2024-10-15T08:27:15+00:00\" \/>\n<meta property=\"og:image\" content=\"https:\/\/dhplus.pl\/wp-content\/uploads\/2021\/06\/indeks.png\" \/>\n\t<meta property=\"og:image:width\" content=\"300\" \/>\n\t<meta property=\"og:image:height\" content=\"168\" \/>\n\t<meta property=\"og:image:type\" content=\"image\/png\" \/>\n<meta name=\"twitter:card\" content=\"summary_large_image\" \/>\n<meta name=\"twitter:label1\" content=\"Szacowany czas czytania\" \/>\n\t<meta name=\"twitter:data1\" content=\"1 minuta\" \/>\n<script type=\"application\/ld+json\" class=\"yoast-schema-graph\">{\"@context\":\"https:\/\/schema.org\",\"@graph\":[{\"@type\":\"WebPage\",\"@id\":\"https:\/\/dhplus.pl\/index.php\/cennik\/\",\"url\":\"https:\/\/dhplus.pl\/index.php\/cennik\/\",\"name\":\"Cennik - DH+\",\"isPartOf\":{\"@id\":\"https:\/\/dhplus.pl\/#website\"},\"primaryImageOfPage\":{\"@id\":\"https:\/\/dhplus.pl\/index.php\/cennik\/#primaryimage\"},\"image\":{\"@id\":\"https:\/\/dhplus.pl\/index.php\/cennik\/#primaryimage\"},\"thumbnailUrl\":\"https:\/\/dhplus.pl\/wp-content\/uploads\/2021\/06\/indeks.png\",\"datePublished\":\"2021-06-25T22:43:10+00:00\",\"dateModified\":\"2024-10-15T08:27:15+00:00\",\"breadcrumb\":{\"@id\":\"https:\/\/dhplus.pl\/index.php\/cennik\/#breadcrumb\"},\"inLanguage\":\"pl-PL\",\"potentialAction\":[{\"@type\":\"ReadAction\",\"target\":[\"https:\/\/dhplus.pl\/index.php\/cennik\/\"]}]},{\"@type\":\"ImageObject\",\"inLanguage\":\"pl-PL\",\"@id\":\"https:\/\/dhplus.pl\/index.php\/cennik\/#primaryimage\",\"url\":\"https:\/\/dhplus.pl\/wp-content\/uploads\/2021\/06\/indeks.png\",\"contentUrl\":\"https:\/\/dhplus.pl\/wp-content\/uploads\/2021\/06\/indeks.png\",\"width\":300,\"height\":168},{\"@type\":\"BreadcrumbList\",\"@id\":\"https:\/\/dhplus.pl\/index.php\/cennik\/#breadcrumb\",\"itemListElement\":[{\"@type\":\"ListItem\",\"position\":1,\"name\":\"Strona g\u0142\u00f3wna\",\"item\":\"https:\/\/dhplus.pl\/\"},{\"@type\":\"ListItem\",\"position\":2,\"name\":\"Cennik\"}]},{\"@type\":\"WebSite\",\"@id\":\"https:\/\/dhplus.pl\/#website\",\"url\":\"https:\/\/dhplus.pl\/\",\"name\":\"DH+\",\"description\":\"\",\"potentialAction\":[{\"@type\":\"SearchAction\",\"target\":{\"@type\":\"EntryPoint\",\"urlTemplate\":\"https:\/\/dhplus.pl\/?s={search_term_string}\"},\"query-input\":{\"@type\":\"PropertyValueSpecification\",\"valueRequired\":true,\"valueName\":\"search_term_string\"}}],\"inLanguage\":\"pl-PL\"}]}<\/script>\n<!-- \/ Yoast SEO plugin. -->","yoast_head_json":{"title":"Cennik - DH+","robots":{"index":"index","follow":"follow","max-snippet":"max-snippet:-1","max-image-preview":"max-image-preview:large","max-video-preview":"max-video-preview:-1"},"canonical":"https:\/\/dhplus.pl\/index.php\/cennik\/","og_locale":"pl_PL","og_type":"article","og_title":"Cennik - DH+","og_description":"Oferujemy pojedynczy nocleg od 100zl\/osob\u0119\/noc, przy pobytach powy\u017cej 3 dni 90 z\u0142 za os\/noc, ka\u017cda kolejna 80 z\u0142 os\/noc. Przy pobytach dla grup prosz\u0119 o kontakt. Do dyspozycji Go\u015bci wyposa\u017cona kuchnia, jadalnia oraz wiata grillowa i ogr\u00f3dek, ruska bania, sauna. W zak\u0142adce promocje informacje o ofertach. W przypadku grup zorganizowanych mo\u017cliwa negocjacja ceny. Odwo\u0142anie rezerwacji mo\u017cliwe dwa tygodnie przed planowanym pobytem &#8211; nie dotyczy \u015bwi\u0105t.","og_url":"https:\/\/dhplus.pl\/index.php\/cennik\/","og_site_name":"DH+","article_modified_time":"2024-10-15T08:27:15+00:00","og_image":[{"width":300,"height":168,"url":"https:\/\/dhplus.pl\/wp-content\/uploads\/2021\/06\/indeks.png","type":"image\/png"}],"twitter_card":"summary_large_image","twitter_misc":{"Szacowany czas czytania":"1 minuta"},"schema":{"@context":"https:\/\/schema.org","@graph":[{"@type":"WebPage","@id":"https:\/\/dhplus.pl\/index.php\/cennik\/","url":"https:\/\/dhplus.pl\/index.php\/cennik\/","name":"Cennik - DH+","isPartOf":{"@id":"https:\/\/dhplus.pl\/#website"},"primaryImageOfPage":{"@id":"https:\/\/dhplus.pl\/index.php\/cennik\/#primaryimage"},"image":{"@id":"https:\/\/dhplus.pl\/index.php\/cennik\/#primaryimage"},"thumbnailUrl":"https:\/\/dhplus.pl\/wp-content\/uploads\/2021\/06\/indeks.png","datePublished":"2021-06-25T22:43:10+00:00","dateModified":"2024-10-15T08:27:15+00:00","breadcrumb":{"@id":"https:\/\/dhplus.pl\/index.php\/cennik\/#breadcrumb"},"inLanguage":"pl-PL","potentialAction":[{"@type":"ReadAction","target":["https:\/\/dhplus.pl\/index.php\/cennik\/"]}]},{"@type":"ImageObject","inLanguage":"pl-PL","@id":"https:\/\/dhplus.pl\/index.php\/cennik\/#primaryimage","url":"https:\/\/dhplus.pl\/wp-content\/uploads\/2021\/06\/indeks.png","contentUrl":"https:\/\/dhplus.pl\/wp-content\/uploads\/2021\/06\/indeks.png","width":300,"height":168},{"@type":"BreadcrumbList","@id":"https:\/\/dhplus.pl\/index.php\/cennik\/#breadcrumb","itemListElement":[{"@type":"ListItem","position":1,"name":"Strona g\u0142\u00f3wna","item":"https:\/\/dhplus.pl\/"},{"@type":"ListItem","position":2,"name":"Cennik"}]},{"@type":"WebSite","@id":"https:\/\/dhplus.pl\/#website","url":"https:\/\/dhplus.pl\/","name":"DH+","description":"","potentialAction":[{"@type":"SearchAction","target":{"@type":"EntryPoint","urlTemplate":"https:\/\/dhplus.pl\/?s={search_term_string}"},"query-input":{"@type":"PropertyValueSpecification","valueRequired":true,"valueName":"search_term_string"}}],"inLanguage":"pl-PL"}]}},"_links":{"self":[{"href":"https:\/\/dhplus.pl\/index.php\/wp-json\/wp\/v2\/pages\/86","targetHints":{"allow":["GET"]}}],"collection":[{"href":"https:\/\/dhplus.pl\/index.php\/wp-json\/wp\/v2\/pages"}],"about":[{"href":"https:\/\/dhplus.pl\/index.php\/wp-json\/wp\/v2\/types\/page"}],"author":[{"embeddable":true,"href":"https:\/\/dhplus.pl\/index.php\/wp-json\/wp\/v2\/users\/1"}],"replies":[{"embeddable":true,"href":"https:\/\/dhplus.pl\/index.php\/wp-json\/wp\/v2\/comments?post=86"}],"version-history":[{"count":11,"href":"https:\/\/dhplus.pl\/index.php\/wp-json\/wp\/v2\/pages\/86\/revisions"}],"predecessor-version":[{"id":389,"href":"https:\/\/dhplus.pl\/index.php\/wp-json\/wp\/v2\/pages\/86\/revisions\/389"}],"wp:attachment":[{"href":"https:\/\/dhplus.pl\/index.php\/wp-json\/wp\/v2\/media?parent=86"}],"curies":[{"name":"wp","href":"https:\/\/api.w.org\/{rel}","templated":true}]}}