{"id":78,"date":"2021-06-26T00:29:30","date_gmt":"2021-06-25T22:29:30","guid":{"rendered":"https:\/\/dhplus.pl\/?page_id=78"},"modified":"2022-01-21T15:03:59","modified_gmt":"2022-01-21T14:03:59","slug":"aktualnosci","status":"publish","type":"page","link":"https:\/\/dhplus.pl\/index.php\/aktualnosci\/","title":{"rendered":"Aktualno\u015bci"},"content":{"rendered":"\n<p>Mi\u0142o nam poinformowa\u0107, \u017ce nasz obiekt bierze udzia\u0142 w programie <a href=\"https:\/\/slotwinyarena.pl\/freeskihotele\/\">freeski\u00a0<\/a> Zapraszamy do skorzystania z naszej oferty i na stok. Dla naszych klient\u00f3w atrakcyjne oferty poza terminami freeski.<\/p>\n\n\n\n<p><\/p>\n\n\n\n<p>W pierwszych latach lipca b\u0119dzie czynna jedn\u0105 kuchnia ( druga zamkni\u0119ta z powodu modernizacji i wymiany mebli)<\/p>\n\n\n\n<p>Willa Zosia wznawia dzia\u0142alno\u015b\u0107 w wakacje ( tzn od 1.07.2021). Zapraszamy.Prosz\u0119 sprawdzi\u0107 zak\u0142adk\u0119 <a data-type=\"URL\" data-id=\"https:\/\/dhplus.pl\/index.php\/promocje\/\" href=\"https:\/\/dhplus.pl\/index.php\/promocje\/\">promocje<\/a>.<\/p>\n","protected":false},"excerpt":{"rendered":"<p>Mi\u0142o nam poinformowa\u0107, \u017ce nasz obiekt bierze udzia\u0142 w programie freeski\u00a0 Zapraszamy do skorzystania z naszej oferty i na stok. Dla naszych klient\u00f3w atrakcyjne oferty poza terminami freeski. W pierwszych latach lipca b\u0119dzie czynna jedn\u0105 kuchnia ( druga zamkni\u0119ta z powodu modernizacji i wymiany mebli) Willa Zosia wznawia dzia\u0142alno\u015b\u0107 w wakacje ( tzn od 1.07.2021). Zapraszamy.Prosz\u0119 sprawdzi\u0107 zak\u0142adk\u0119 promocje.<\/p>\n","protected":false},"author":1,"featured_media":0,"parent":0,"menu_order":0,"comment_status":"closed","ping_status":"closed","template":"","meta":{"footnotes":""},"class_list":["post-78","page","type-page","status-publish","hentry"],"yoast_head":"<!-- This site is optimized with the Yoast SEO plugin v24.1 - https:\/\/yoast.com\/wordpress\/plugins\/seo\/ -->\n<title>Aktualno\u015bci - DH+<\/title>\n<meta name=\"robots\" content=\"index, follow, max-snippet:-1, max-image-preview:large, max-video-preview:-1\" \/>\n<link rel=\"canonical\" href=\"https:\/\/dhplus.pl\/index.php\/aktualnosci\/\" \/>\n<meta property=\"og:locale\" content=\"pl_PL\" \/>\n<meta property=\"og:type\" content=\"article\" \/>\n<meta property=\"og:title\" content=\"Aktualno\u015bci - DH+\" \/>\n<meta property=\"og:description\" content=\"Mi\u0142o nam poinformowa\u0107, \u017ce nasz obiekt bierze udzia\u0142 w programie freeski\u00a0 Zapraszamy do skorzystania z naszej oferty i na stok. Dla naszych klient\u00f3w atrakcyjne oferty poza terminami freeski. W pierwszych latach lipca b\u0119dzie czynna jedn\u0105 kuchnia ( druga zamkni\u0119ta z powodu modernizacji i wymiany mebli) Willa Zosia wznawia dzia\u0142alno\u015b\u0107 w wakacje ( tzn od 1.07.2021). Zapraszamy.Prosz\u0119 sprawdzi\u0107 zak\u0142adk\u0119 promocje.\" \/>\n<meta property=\"og:url\" content=\"https:\/\/dhplus.pl\/index.php\/aktualnosci\/\" \/>\n<meta property=\"og:site_name\" content=\"DH+\" \/>\n<meta property=\"article:modified_time\" content=\"2022-01-21T14:03:59+00:00\" \/>\n<meta name=\"twitter:card\" content=\"summary_large_image\" \/>\n<meta name=\"twitter:label1\" content=\"Szacowany czas czytania\" \/>\n\t<meta name=\"twitter:data1\" content=\"1 minuta\" \/>\n<script type=\"application\/ld+json\" class=\"yoast-schema-graph\">{\"@context\":\"https:\/\/schema.org\",\"@graph\":[{\"@type\":\"WebPage\",\"@id\":\"https:\/\/dhplus.pl\/index.php\/aktualnosci\/\",\"url\":\"https:\/\/dhplus.pl\/index.php\/aktualnosci\/\",\"name\":\"Aktualno\u015bci - DH+\",\"isPartOf\":{\"@id\":\"https:\/\/dhplus.pl\/#website\"},\"datePublished\":\"2021-06-25T22:29:30+00:00\",\"dateModified\":\"2022-01-21T14:03:59+00:00\",\"breadcrumb\":{\"@id\":\"https:\/\/dhplus.pl\/index.php\/aktualnosci\/#breadcrumb\"},\"inLanguage\":\"pl-PL\",\"potentialAction\":[{\"@type\":\"ReadAction\",\"target\":[\"https:\/\/dhplus.pl\/index.php\/aktualnosci\/\"]}]},{\"@type\":\"BreadcrumbList\",\"@id\":\"https:\/\/dhplus.pl\/index.php\/aktualnosci\/#breadcrumb\",\"itemListElement\":[{\"@type\":\"ListItem\",\"position\":1,\"name\":\"Strona g\u0142\u00f3wna\",\"item\":\"https:\/\/dhplus.pl\/\"},{\"@type\":\"ListItem\",\"position\":2,\"name\":\"Aktualno\u015bci\"}]},{\"@type\":\"WebSite\",\"@id\":\"https:\/\/dhplus.pl\/#website\",\"url\":\"https:\/\/dhplus.pl\/\",\"name\":\"DH+\",\"description\":\"\",\"potentialAction\":[{\"@type\":\"SearchAction\",\"target\":{\"@type\":\"EntryPoint\",\"urlTemplate\":\"https:\/\/dhplus.pl\/?s={search_term_string}\"},\"query-input\":{\"@type\":\"PropertyValueSpecification\",\"valueRequired\":true,\"valueName\":\"search_term_string\"}}],\"inLanguage\":\"pl-PL\"}]}<\/script>\n<!-- \/ Yoast SEO plugin. -->","yoast_head_json":{"title":"Aktualno\u015bci - DH+","robots":{"index":"index","follow":"follow","max-snippet":"max-snippet:-1","max-image-preview":"max-image-preview:large","max-video-preview":"max-video-preview:-1"},"canonical":"https:\/\/dhplus.pl\/index.php\/aktualnosci\/","og_locale":"pl_PL","og_type":"article","og_title":"Aktualno\u015bci - DH+","og_description":"Mi\u0142o nam poinformowa\u0107, \u017ce nasz obiekt bierze udzia\u0142 w programie freeski\u00a0 Zapraszamy do skorzystania z naszej oferty i na stok. Dla naszych klient\u00f3w atrakcyjne oferty poza terminami freeski. W pierwszych latach lipca b\u0119dzie czynna jedn\u0105 kuchnia ( druga zamkni\u0119ta z powodu modernizacji i wymiany mebli) Willa Zosia wznawia dzia\u0142alno\u015b\u0107 w wakacje ( tzn od 1.07.2021). Zapraszamy.Prosz\u0119 sprawdzi\u0107 zak\u0142adk\u0119 promocje.","og_url":"https:\/\/dhplus.pl\/index.php\/aktualnosci\/","og_site_name":"DH+","article_modified_time":"2022-01-21T14:03:59+00:00","twitter_card":"summary_large_image","twitter_misc":{"Szacowany czas czytania":"1 minuta"},"schema":{"@context":"https:\/\/schema.org","@graph":[{"@type":"WebPage","@id":"https:\/\/dhplus.pl\/index.php\/aktualnosci\/","url":"https:\/\/dhplus.pl\/index.php\/aktualnosci\/","name":"Aktualno\u015bci - DH+","isPartOf":{"@id":"https:\/\/dhplus.pl\/#website"},"datePublished":"2021-06-25T22:29:30+00:00","dateModified":"2022-01-21T14:03:59+00:00","breadcrumb":{"@id":"https:\/\/dhplus.pl\/index.php\/aktualnosci\/#breadcrumb"},"inLanguage":"pl-PL","potentialAction":[{"@type":"ReadAction","target":["https:\/\/dhplus.pl\/index.php\/aktualnosci\/"]}]},{"@type":"BreadcrumbList","@id":"https:\/\/dhplus.pl\/index.php\/aktualnosci\/#breadcrumb","itemListElement":[{"@type":"ListItem","position":1,"name":"Strona g\u0142\u00f3wna","item":"https:\/\/dhplus.pl\/"},{"@type":"ListItem","position":2,"name":"Aktualno\u015bci"}]},{"@type":"WebSite","@id":"https:\/\/dhplus.pl\/#website","url":"https:\/\/dhplus.pl\/","name":"DH+","description":"","potentialAction":[{"@type":"SearchAction","target":{"@type":"EntryPoint","urlTemplate":"https:\/\/dhplus.pl\/?s={search_term_string}"},"query-input":{"@type":"PropertyValueSpecification","valueRequired":true,"valueName":"search_term_string"}}],"inLanguage":"pl-PL"}]}},"_links":{"self":[{"href":"https:\/\/dhplus.pl\/index.php\/wp-json\/wp\/v2\/pages\/78","targetHints":{"allow":["GET"]}}],"collection":[{"href":"https:\/\/dhplus.pl\/index.php\/wp-json\/wp\/v2\/pages"}],"about":[{"href":"https:\/\/dhplus.pl\/index.php\/wp-json\/wp\/v2\/types\/page"}],"author":[{"embeddable":true,"href":"https:\/\/dhplus.pl\/index.php\/wp-json\/wp\/v2\/users\/1"}],"replies":[{"embeddable":true,"href":"https:\/\/dhplus.pl\/index.php\/wp-json\/wp\/v2\/comments?post=78"}],"version-history":[{"count":11,"href":"https:\/\/dhplus.pl\/index.php\/wp-json\/wp\/v2\/pages\/78\/revisions"}],"predecessor-version":[{"id":139,"href":"https:\/\/dhplus.pl\/index.php\/wp-json\/wp\/v2\/pages\/78\/revisions\/139"}],"wp:attachment":[{"href":"https:\/\/dhplus.pl\/index.php\/wp-json\/wp\/v2\/media?parent=78"}],"curies":[{"name":"wp","href":"https:\/\/api.w.org\/{rel}","templated":true}]}}