{"id":69,"date":"2021-06-26T00:21:46","date_gmt":"2021-06-25T22:21:46","guid":{"rendered":"https:\/\/dhplus.pl\/?page_id=69"},"modified":"2021-06-26T00:21:46","modified_gmt":"2021-06-25T22:21:46","slug":"okolica","status":"publish","type":"page","link":"https:\/\/dhplus.pl\/index.php\/okolica\/","title":{"rendered":"Okolica"},"content":{"rendered":"\n<p><\/p>\n\n\n<p>\u0141opata Polska to jedno z najbardziej urokliwych krajobrazowo miejsc w Polsce. Po\u0142o\u017cone w prze\u0142omie Popradu kt\u00f3ry w tym miejscu tworzy malowniczy &#8222;p\u00f3\u0142wysep&#8221;.<\/p>\n<p><\/p>\n<p><\/p><center><p><\/p>\n<p><iframe loading=\"lazy\" title=\"YouTube video player\" src=\"https:\/\/www.youtube.com\/embed\/SYhnJo0RP7k\" allowfullscreen=\"allowfullscreen\" width=\"560\" height=\"315\" frameborder=\"0\"><\/iframe>&nbsp;<\/p>\n<p><\/p>\n<p><\/p><\/center><p><\/p>\n<p>O\u015brodek po\u0142o\u017cony jest na skalnej skarpie stanowi\u0105cej brzeg rzeki, na ko\u0144cu drogi zaczynaj\u0105cej si\u0119 obok o\u015brodka Wiktor w kt\u00f3rym mo\u017cna skorzysta\u0107 z zabieg\u00f3w SPA oraz basenu.\n<\/p>\n<p><\/p><center><iframe loading=\"lazy\" title=\"YouTube video player\" src=\"https:\/\/www.youtube.com\/embed\/6UD8_LfqoZg\" allowfullscreen=\"allowfullscreen\" width=\"560\" height=\"315\" frameborder=\"0\"><\/iframe><\/center><br>Na \u0141opacie jest r\u00f3wnie\u017c pi\u0119kna piaszczysta pla\u017ca i &#8222;po s\u0105siedzku&#8221; firma organizuj\u0105ca sp\u0142yw pontonami<br>Uzdrowisko \u017begiest\u00f3w w okresie mi\u0119dzywojennym by\u0142o elitarnym miejscem, p\u00f3\u017aniej podupad\u0142o, ale zaczyna odzyskiwa\u0107 dawn\u0105 \u015bwietno\u015b\u0107 g\u0142\u00f3wnie za spraw\u0105 firmy Cechini<br><center><iframe loading=\"lazy\" title=\"YouTube video player\" src=\"https:\/\/www.youtube.com\/embed\/IbxVSJbk3BQ\" allowfullscreen=\"allowfullscreen\" width=\"560\" height=\"315\" frameborder=\"0\"><\/iframe><\/center><br>Zosta\u0142a te\u017c odnowiona pijalnia <p><\/p>\n<p><\/p>\n<p><\/p><center><br><iframe loading=\"lazy\" src=\"https:\/\/www.youtube.com\/embed\/rr_SXizDSQA\" title=\"YouTube video player\" allow=\"accelerometer; autoplay; clipboard-write; encrypted-media; gyroscope; picture-in-picture\" allowfullscreen=\"\" width=\"560\" height=\"315\" frameborder=\"0\"><\/iframe><\/center><p><\/p>","protected":false},"excerpt":{"rendered":"<p>\u0141opata Polska to jedno z najbardziej urokliwych krajobrazowo miejsc w Polsce. Po\u0142o\u017cone w prze\u0142omie Popradu kt\u00f3ry w tym miejscu tworzy malowniczy &#8222;p\u00f3\u0142wysep&#8221;. &nbsp; O\u015brodek po\u0142o\u017cony jest na skalnej skarpie stanowi\u0105cej brzeg rzeki, na ko\u0144cu drogi zaczynaj\u0105cej si\u0119 obok o\u015brodka Wiktor w kt\u00f3rym mo\u017cna skorzysta\u0107 z zabieg\u00f3w SPA oraz basenu. Na \u0141opacie jest r\u00f3wnie\u017c pi\u0119kna piaszczysta pla\u017ca i &#8222;po s\u0105siedzku&#8221; firma organizuj\u0105ca sp\u0142yw pontonamiUzdrowisko \u017begiest\u00f3w w okresie mi\u0119dzywojennym by\u0142o elitarnym miejscem, p\u00f3\u017aniej podupad\u0142o, ale zaczyna odzyskiwa\u0107 dawn\u0105 \u015bwietno\u015b\u0107 g\u0142\u00f3wnie za spraw\u0105 firmy CechiniZosta\u0142a te\u017c odnowiona pijalnia<\/p>\n","protected":false},"author":1,"featured_media":0,"parent":0,"menu_order":0,"comment_status":"closed","ping_status":"closed","template":"","meta":{"footnotes":""},"class_list":["post-69","page","type-page","status-publish","hentry"],"yoast_head":"<!-- This site is optimized with the Yoast SEO plugin v24.1 - https:\/\/yoast.com\/wordpress\/plugins\/seo\/ -->\n<title>Okolica - DH+<\/title>\n<meta name=\"robots\" content=\"index, follow, max-snippet:-1, max-image-preview:large, max-video-preview:-1\" \/>\n<link rel=\"canonical\" href=\"https:\/\/dhplus.pl\/index.php\/okolica\/\" \/>\n<meta property=\"og:locale\" content=\"pl_PL\" \/>\n<meta property=\"og:type\" content=\"article\" \/>\n<meta property=\"og:title\" content=\"Okolica - DH+\" \/>\n<meta property=\"og:description\" content=\"\u0141opata Polska to jedno z najbardziej urokliwych krajobrazowo miejsc w Polsce. Po\u0142o\u017cone w prze\u0142omie Popradu kt\u00f3ry w tym miejscu tworzy malowniczy &#8222;p\u00f3\u0142wysep&#8221;. &nbsp; O\u015brodek po\u0142o\u017cony jest na skalnej skarpie stanowi\u0105cej brzeg rzeki, na ko\u0144cu drogi zaczynaj\u0105cej si\u0119 obok o\u015brodka Wiktor w kt\u00f3rym mo\u017cna skorzysta\u0107 z zabieg\u00f3w SPA oraz basenu. Na \u0141opacie jest r\u00f3wnie\u017c pi\u0119kna piaszczysta pla\u017ca i &#8222;po s\u0105siedzku&#8221; firma organizuj\u0105ca sp\u0142yw pontonamiUzdrowisko \u017begiest\u00f3w w okresie mi\u0119dzywojennym by\u0142o elitarnym miejscem, p\u00f3\u017aniej podupad\u0142o, ale zaczyna odzyskiwa\u0107 dawn\u0105 \u015bwietno\u015b\u0107 g\u0142\u00f3wnie za spraw\u0105 firmy CechiniZosta\u0142a te\u017c odnowiona pijalnia\" \/>\n<meta property=\"og:url\" content=\"https:\/\/dhplus.pl\/index.php\/okolica\/\" \/>\n<meta property=\"og:site_name\" content=\"DH+\" \/>\n<meta name=\"twitter:card\" content=\"summary_large_image\" \/>\n<meta name=\"twitter:label1\" content=\"Szacowany czas czytania\" \/>\n\t<meta name=\"twitter:data1\" content=\"1 minuta\" \/>\n<script type=\"application\/ld+json\" class=\"yoast-schema-graph\">{\"@context\":\"https:\/\/schema.org\",\"@graph\":[{\"@type\":\"WebPage\",\"@id\":\"https:\/\/dhplus.pl\/index.php\/okolica\/\",\"url\":\"https:\/\/dhplus.pl\/index.php\/okolica\/\",\"name\":\"Okolica - DH+\",\"isPartOf\":{\"@id\":\"https:\/\/dhplus.pl\/#website\"},\"datePublished\":\"2021-06-25T22:21:46+00:00\",\"dateModified\":\"2021-06-25T22:21:46+00:00\",\"breadcrumb\":{\"@id\":\"https:\/\/dhplus.pl\/index.php\/okolica\/#breadcrumb\"},\"inLanguage\":\"pl-PL\",\"potentialAction\":[{\"@type\":\"ReadAction\",\"target\":[\"https:\/\/dhplus.pl\/index.php\/okolica\/\"]}]},{\"@type\":\"BreadcrumbList\",\"@id\":\"https:\/\/dhplus.pl\/index.php\/okolica\/#breadcrumb\",\"itemListElement\":[{\"@type\":\"ListItem\",\"position\":1,\"name\":\"Strona g\u0142\u00f3wna\",\"item\":\"https:\/\/dhplus.pl\/\"},{\"@type\":\"ListItem\",\"position\":2,\"name\":\"Okolica\"}]},{\"@type\":\"WebSite\",\"@id\":\"https:\/\/dhplus.pl\/#website\",\"url\":\"https:\/\/dhplus.pl\/\",\"name\":\"DH+\",\"description\":\"\",\"potentialAction\":[{\"@type\":\"SearchAction\",\"target\":{\"@type\":\"EntryPoint\",\"urlTemplate\":\"https:\/\/dhplus.pl\/?s={search_term_string}\"},\"query-input\":{\"@type\":\"PropertyValueSpecification\",\"valueRequired\":true,\"valueName\":\"search_term_string\"}}],\"inLanguage\":\"pl-PL\"}]}<\/script>\n<!-- \/ Yoast SEO plugin. -->","yoast_head_json":{"title":"Okolica - DH+","robots":{"index":"index","follow":"follow","max-snippet":"max-snippet:-1","max-image-preview":"max-image-preview:large","max-video-preview":"max-video-preview:-1"},"canonical":"https:\/\/dhplus.pl\/index.php\/okolica\/","og_locale":"pl_PL","og_type":"article","og_title":"Okolica - DH+","og_description":"\u0141opata Polska to jedno z najbardziej urokliwych krajobrazowo miejsc w Polsce. Po\u0142o\u017cone w prze\u0142omie Popradu kt\u00f3ry w tym miejscu tworzy malowniczy &#8222;p\u00f3\u0142wysep&#8221;. &nbsp; O\u015brodek po\u0142o\u017cony jest na skalnej skarpie stanowi\u0105cej brzeg rzeki, na ko\u0144cu drogi zaczynaj\u0105cej si\u0119 obok o\u015brodka Wiktor w kt\u00f3rym mo\u017cna skorzysta\u0107 z zabieg\u00f3w SPA oraz basenu. Na \u0141opacie jest r\u00f3wnie\u017c pi\u0119kna piaszczysta pla\u017ca i &#8222;po s\u0105siedzku&#8221; firma organizuj\u0105ca sp\u0142yw pontonamiUzdrowisko \u017begiest\u00f3w w okresie mi\u0119dzywojennym by\u0142o elitarnym miejscem, p\u00f3\u017aniej podupad\u0142o, ale zaczyna odzyskiwa\u0107 dawn\u0105 \u015bwietno\u015b\u0107 g\u0142\u00f3wnie za spraw\u0105 firmy CechiniZosta\u0142a te\u017c odnowiona pijalnia","og_url":"https:\/\/dhplus.pl\/index.php\/okolica\/","og_site_name":"DH+","twitter_card":"summary_large_image","twitter_misc":{"Szacowany czas czytania":"1 minuta"},"schema":{"@context":"https:\/\/schema.org","@graph":[{"@type":"WebPage","@id":"https:\/\/dhplus.pl\/index.php\/okolica\/","url":"https:\/\/dhplus.pl\/index.php\/okolica\/","name":"Okolica - DH+","isPartOf":{"@id":"https:\/\/dhplus.pl\/#website"},"datePublished":"2021-06-25T22:21:46+00:00","dateModified":"2021-06-25T22:21:46+00:00","breadcrumb":{"@id":"https:\/\/dhplus.pl\/index.php\/okolica\/#breadcrumb"},"inLanguage":"pl-PL","potentialAction":[{"@type":"ReadAction","target":["https:\/\/dhplus.pl\/index.php\/okolica\/"]}]},{"@type":"BreadcrumbList","@id":"https:\/\/dhplus.pl\/index.php\/okolica\/#breadcrumb","itemListElement":[{"@type":"ListItem","position":1,"name":"Strona g\u0142\u00f3wna","item":"https:\/\/dhplus.pl\/"},{"@type":"ListItem","position":2,"name":"Okolica"}]},{"@type":"WebSite","@id":"https:\/\/dhplus.pl\/#website","url":"https:\/\/dhplus.pl\/","name":"DH+","description":"","potentialAction":[{"@type":"SearchAction","target":{"@type":"EntryPoint","urlTemplate":"https:\/\/dhplus.pl\/?s={search_term_string}"},"query-input":{"@type":"PropertyValueSpecification","valueRequired":true,"valueName":"search_term_string"}}],"inLanguage":"pl-PL"}]}},"_links":{"self":[{"href":"https:\/\/dhplus.pl\/index.php\/wp-json\/wp\/v2\/pages\/69","targetHints":{"allow":["GET"]}}],"collection":[{"href":"https:\/\/dhplus.pl\/index.php\/wp-json\/wp\/v2\/pages"}],"about":[{"href":"https:\/\/dhplus.pl\/index.php\/wp-json\/wp\/v2\/types\/page"}],"author":[{"embeddable":true,"href":"https:\/\/dhplus.pl\/index.php\/wp-json\/wp\/v2\/users\/1"}],"replies":[{"embeddable":true,"href":"https:\/\/dhplus.pl\/index.php\/wp-json\/wp\/v2\/comments?post=69"}],"version-history":[{"count":1,"href":"https:\/\/dhplus.pl\/index.php\/wp-json\/wp\/v2\/pages\/69\/revisions"}],"predecessor-version":[{"id":70,"href":"https:\/\/dhplus.pl\/index.php\/wp-json\/wp\/v2\/pages\/69\/revisions\/70"}],"wp:attachment":[{"href":"https:\/\/dhplus.pl\/index.php\/wp-json\/wp\/v2\/media?parent=69"}],"curies":[{"name":"wp","href":"https:\/\/api.w.org\/{rel}","templated":true}]}}