{"id":65,"date":"2021-06-26T00:17:21","date_gmt":"2021-06-25T22:17:21","guid":{"rendered":"https:\/\/dhplus.pl\/?page_id=65"},"modified":"2024-05-28T13:34:49","modified_gmt":"2024-05-28T11:34:49","slug":"kontakt","status":"publish","type":"page","link":"https:\/\/dhplus.pl\/index.php\/kontakt\/","title":{"rendered":"Kontakt"},"content":{"rendered":"\n<p>Adres: \u0141opata Polska 29<\/p>\n\n\n\n<p>33-370 \u017begiest\u00f3w-Zdr\u00f3j Polska<\/p>\n\n\n\n<p>E mail: <a href=\"mailto:Dhplus.noclegi@gmail.com\">Dhplus.noclegi@gmail.com<\/a><\/p>\n\n\n\n<p>Telefon: 734349326 (je\u017celi nie odbieram prosz\u0119 o kontakt przez Whatsapp pod tym samym nr telefonu)<\/p>\n\n\n\n<p>Nr konta : 81 1050 1445 1000 0097 4092 0559<\/p>\n\n\n\n<p><\/p>\n\n\n\n<p><\/p>\n\n\n<p><iframe loading=\"lazy\" style=\"border: 0;\" src=\"https:\/\/www.google.com\/maps\/embed?pb=!1m18!1m12!1m3!1d41574.325287149535!2d20.76902953218921!3d49.36359221096541!2m3!1f0!2f0!3f0!3m2!1i1024!2i768!4f13.1!3m3!1m2!1s0x473e737bc7acf6cf%3A0x3067a10509e0687c!2sPensjonat%20Zosia!5e0!3m2!1spl!2spl!4v1624141824375!5m2!1spl!2spl\" allowfullscreen=\"allowfullscreen\" width=\"600\" height=\"450\"><\/iframe><\/p>","protected":false},"excerpt":{"rendered":"<p>Adres: \u0141opata Polska 29 33-370 \u017begiest\u00f3w-Zdr\u00f3j Polska E mail: Dhplus.noclegi@gmail.com Telefon: 734349326 (je\u017celi nie odbieram prosz\u0119 o kontakt przez Whatsapp pod tym samym nr telefonu) Nr konta : 81 1050 1445 1000 0097 4092 0559<\/p>\n","protected":false},"author":1,"featured_media":0,"parent":0,"menu_order":0,"comment_status":"closed","ping_status":"closed","template":"","meta":{"footnotes":""},"class_list":["post-65","page","type-page","status-publish","hentry"],"yoast_head":"<!-- This site is optimized with the Yoast SEO plugin v24.1 - https:\/\/yoast.com\/wordpress\/plugins\/seo\/ -->\n<title>Kontakt - DH+<\/title>\n<meta name=\"robots\" content=\"index, follow, max-snippet:-1, max-image-preview:large, max-video-preview:-1\" \/>\n<link rel=\"canonical\" href=\"https:\/\/dhplus.pl\/index.php\/kontakt\/\" \/>\n<meta property=\"og:locale\" content=\"pl_PL\" \/>\n<meta property=\"og:type\" content=\"article\" \/>\n<meta property=\"og:title\" content=\"Kontakt - DH+\" \/>\n<meta property=\"og:description\" content=\"Adres: \u0141opata Polska 29 33-370 \u017begiest\u00f3w-Zdr\u00f3j Polska E mail: Dhplus.noclegi@gmail.com Telefon: 734349326 (je\u017celi nie odbieram prosz\u0119 o kontakt przez Whatsapp pod tym samym nr telefonu) Nr konta : 81 1050 1445 1000 0097 4092 0559\" \/>\n<meta property=\"og:url\" content=\"https:\/\/dhplus.pl\/index.php\/kontakt\/\" \/>\n<meta property=\"og:site_name\" content=\"DH+\" \/>\n<meta property=\"article:modified_time\" content=\"2024-05-28T11:34:49+00:00\" \/>\n<meta name=\"twitter:card\" content=\"summary_large_image\" \/>\n<meta name=\"twitter:label1\" content=\"Szacowany czas czytania\" \/>\n\t<meta name=\"twitter:data1\" content=\"1 minuta\" \/>\n<script type=\"application\/ld+json\" class=\"yoast-schema-graph\">{\"@context\":\"https:\/\/schema.org\",\"@graph\":[{\"@type\":\"WebPage\",\"@id\":\"https:\/\/dhplus.pl\/index.php\/kontakt\/\",\"url\":\"https:\/\/dhplus.pl\/index.php\/kontakt\/\",\"name\":\"Kontakt - DH+\",\"isPartOf\":{\"@id\":\"https:\/\/dhplus.pl\/#website\"},\"datePublished\":\"2021-06-25T22:17:21+00:00\",\"dateModified\":\"2024-05-28T11:34:49+00:00\",\"breadcrumb\":{\"@id\":\"https:\/\/dhplus.pl\/index.php\/kontakt\/#breadcrumb\"},\"inLanguage\":\"pl-PL\",\"potentialAction\":[{\"@type\":\"ReadAction\",\"target\":[\"https:\/\/dhplus.pl\/index.php\/kontakt\/\"]}]},{\"@type\":\"BreadcrumbList\",\"@id\":\"https:\/\/dhplus.pl\/index.php\/kontakt\/#breadcrumb\",\"itemListElement\":[{\"@type\":\"ListItem\",\"position\":1,\"name\":\"Strona g\u0142\u00f3wna\",\"item\":\"https:\/\/dhplus.pl\/\"},{\"@type\":\"ListItem\",\"position\":2,\"name\":\"Kontakt\"}]},{\"@type\":\"WebSite\",\"@id\":\"https:\/\/dhplus.pl\/#website\",\"url\":\"https:\/\/dhplus.pl\/\",\"name\":\"DH+\",\"description\":\"\",\"potentialAction\":[{\"@type\":\"SearchAction\",\"target\":{\"@type\":\"EntryPoint\",\"urlTemplate\":\"https:\/\/dhplus.pl\/?s={search_term_string}\"},\"query-input\":{\"@type\":\"PropertyValueSpecification\",\"valueRequired\":true,\"valueName\":\"search_term_string\"}}],\"inLanguage\":\"pl-PL\"}]}<\/script>\n<!-- \/ Yoast SEO plugin. -->","yoast_head_json":{"title":"Kontakt - DH+","robots":{"index":"index","follow":"follow","max-snippet":"max-snippet:-1","max-image-preview":"max-image-preview:large","max-video-preview":"max-video-preview:-1"},"canonical":"https:\/\/dhplus.pl\/index.php\/kontakt\/","og_locale":"pl_PL","og_type":"article","og_title":"Kontakt - DH+","og_description":"Adres: \u0141opata Polska 29 33-370 \u017begiest\u00f3w-Zdr\u00f3j Polska E mail: Dhplus.noclegi@gmail.com Telefon: 734349326 (je\u017celi nie odbieram prosz\u0119 o kontakt przez Whatsapp pod tym samym nr telefonu) Nr konta : 81 1050 1445 1000 0097 4092 0559","og_url":"https:\/\/dhplus.pl\/index.php\/kontakt\/","og_site_name":"DH+","article_modified_time":"2024-05-28T11:34:49+00:00","twitter_card":"summary_large_image","twitter_misc":{"Szacowany czas czytania":"1 minuta"},"schema":{"@context":"https:\/\/schema.org","@graph":[{"@type":"WebPage","@id":"https:\/\/dhplus.pl\/index.php\/kontakt\/","url":"https:\/\/dhplus.pl\/index.php\/kontakt\/","name":"Kontakt - DH+","isPartOf":{"@id":"https:\/\/dhplus.pl\/#website"},"datePublished":"2021-06-25T22:17:21+00:00","dateModified":"2024-05-28T11:34:49+00:00","breadcrumb":{"@id":"https:\/\/dhplus.pl\/index.php\/kontakt\/#breadcrumb"},"inLanguage":"pl-PL","potentialAction":[{"@type":"ReadAction","target":["https:\/\/dhplus.pl\/index.php\/kontakt\/"]}]},{"@type":"BreadcrumbList","@id":"https:\/\/dhplus.pl\/index.php\/kontakt\/#breadcrumb","itemListElement":[{"@type":"ListItem","position":1,"name":"Strona g\u0142\u00f3wna","item":"https:\/\/dhplus.pl\/"},{"@type":"ListItem","position":2,"name":"Kontakt"}]},{"@type":"WebSite","@id":"https:\/\/dhplus.pl\/#website","url":"https:\/\/dhplus.pl\/","name":"DH+","description":"","potentialAction":[{"@type":"SearchAction","target":{"@type":"EntryPoint","urlTemplate":"https:\/\/dhplus.pl\/?s={search_term_string}"},"query-input":{"@type":"PropertyValueSpecification","valueRequired":true,"valueName":"search_term_string"}}],"inLanguage":"pl-PL"}]}},"_links":{"self":[{"href":"https:\/\/dhplus.pl\/index.php\/wp-json\/wp\/v2\/pages\/65","targetHints":{"allow":["GET"]}}],"collection":[{"href":"https:\/\/dhplus.pl\/index.php\/wp-json\/wp\/v2\/pages"}],"about":[{"href":"https:\/\/dhplus.pl\/index.php\/wp-json\/wp\/v2\/types\/page"}],"author":[{"embeddable":true,"href":"https:\/\/dhplus.pl\/index.php\/wp-json\/wp\/v2\/users\/1"}],"replies":[{"embeddable":true,"href":"https:\/\/dhplus.pl\/index.php\/wp-json\/wp\/v2\/comments?post=65"}],"version-history":[{"count":3,"href":"https:\/\/dhplus.pl\/index.php\/wp-json\/wp\/v2\/pages\/65\/revisions"}],"predecessor-version":[{"id":261,"href":"https:\/\/dhplus.pl\/index.php\/wp-json\/wp\/v2\/pages\/65\/revisions\/261"}],"wp:attachment":[{"href":"https:\/\/dhplus.pl\/index.php\/wp-json\/wp\/v2\/media?parent=65"}],"curies":[{"name":"wp","href":"https:\/\/api.w.org\/{rel}","templated":true}]}}