{"id":292,"date":"2024-06-02T17:13:46","date_gmt":"2024-06-02T15:13:46","guid":{"rendered":"https:\/\/dhplus.pl\/?page_id=292"},"modified":"2024-06-02T17:22:38","modified_gmt":"2024-06-02T15:22:38","slug":"witamy-na-naszej-stronie","status":"publish","type":"page","link":"https:\/\/dhplus.pl\/","title":{"rendered":"Witamy na naszej stronie!"},"content":{"rendered":"\n<p><\/p>\n\n\n\n<p>Jeste\u015bmy dynamicznie rozwijaj\u0105c\u0105 si\u0119 firm\u0105, specjalizuj\u0105c\u0105 si\u0119 w kompleksowej obs\u0142udze turystycznej i sportowej. Oferujemy szeroki wachlarz us\u0142ug, kt\u00f3re zadowol\u0105 zar\u00f3wno mi\u0142o\u015bnik\u00f3w aktywnego wypoczynku, jak i firmy poszukuj\u0105ce wyj\u0105tkowych miejsc na imprezy integracyjne.<\/p>\n\n\n\n<p><strong>Noclegi:<\/strong> Zapewniamy komfortowe i przytulne miejsca noclegowe, idealne zar\u00f3wno dla pojedynczych go\u015bci, jak i grup. Nasze obiekty znajduj\u0105 si\u0119 w malowniczych lokalizacjach, kt\u00f3re sprzyjaj\u0105 relaksowi i odpoczynkowi po aktywnym dniu.<\/p>\n\n\n\n<p><strong>Szko\u0142a kite Dh+:<\/strong> Nasza szko\u0142a kite Dh+ to idealne miejsce dla wszystkich, kt\u00f3rzy chc\u0105 nauczy\u0107 si\u0119 kitesurfingu lub doskonali\u0107 swoje umiej\u0119tno\u015bci. Prowadzimy kursy na r\u00f3\u017cnych poziomach zaawansowania, dostosowane do indywidualnych potrzeb i umiej\u0119tno\u015bci naszych kursant\u00f3w.<\/p>\n\n\n\n<p><strong>Szkolenia:<\/strong> Organizujemy profesjonalne szkolenia w zakresie sport\u00f3w wodnych, prowadzone przez do\u015bwiadczonych instruktor\u00f3w. Nasze programy szkoleniowe s\u0105 opracowane z my\u015bl\u0105 o maksymalnej efektywno\u015bci nauki i bezpiecze\u0144stwie uczestnik\u00f3w.<\/p>\n\n\n\n<p><strong>Wypo\u017cyczalnia i sprzeda\u017c sprz\u0119tu sportowego:<\/strong> Oferujemy szeroki wyb\u00f3r sprz\u0119tu sportowego do wypo\u017cyczenia i sprzeda\u017cy. W naszym asortymencie znajduj\u0105 si\u0119 najwy\u017cszej jako\u015bci produkty, kt\u00f3re zapewniaj\u0105 doskona\u0142e osi\u0105gi i bezpiecze\u0144stwo podczas uprawiania sport\u00f3w.<\/p>\n\n\n\n<p><strong>Imprezy integracyjne i firmowe:<\/strong> Specjalizujemy si\u0119 w organizacji niezapomnianych imprez integracyjnych i firmowych. Oferujemy pe\u0142n\u0105 obs\u0142ug\u0119 wydarze\u0144, w tym atrakcyjne programy aktywno\u015bci, kt\u00f3re sprzyjaj\u0105 budowaniu zespo\u0142u i wzmacnianiu relacji w firmie.<\/p>\n\n\n\n<p>Zapraszamy do zapoznania si\u0119 z nasz\u0105 pe\u0142n\u0105 ofert\u0105 i skorzystania z naszych us\u0142ug. Gwarantujemy profesjonalizm, pasj\u0119 i zaanga\u017cowanie w ka\u017cd\u0105 realizowan\u0105 przez nas inicjatyw\u0119.<\/p>\n","protected":false},"excerpt":{"rendered":"<p>Jeste\u015bmy dynamicznie rozwijaj\u0105c\u0105 si\u0119 firm\u0105, specjalizuj\u0105c\u0105 si\u0119 w kompleksowej obs\u0142udze turystycznej i sportowej. Oferujemy szeroki wachlarz us\u0142ug, kt\u00f3re zadowol\u0105 zar\u00f3wno mi\u0142o\u015bnik\u00f3w aktywnego wypoczynku, jak i firmy poszukuj\u0105ce wyj\u0105tkowych miejsc na imprezy integracyjne. Noclegi: Zapewniamy komfortowe i przytulne miejsca noclegowe, idealne zar\u00f3wno dla pojedynczych go\u015bci, jak i grup. Nasze obiekty znajduj\u0105 si\u0119 w malowniczych lokalizacjach, kt\u00f3re sprzyjaj\u0105 relaksowi i odpoczynkowi po aktywnym dniu. Szko\u0142a kite Dh+: Nasza szko\u0142a kite Dh+ to idealne miejsce dla wszystkich, kt\u00f3rzy chc\u0105 nauczy\u0107 si\u0119 kitesurfingu lub doskonali\u0107 swoje umiej\u0119tno\u015bci. Prowadzimy kursy na r\u00f3\u017cnych poziomach zaawansowania, dostosowane do indywidualnych potrzeb i umiej\u0119tno\u015bci naszych kursant\u00f3w. Szkolenia: Organizujemy profesjonalne szkolenia w zakresie sport\u00f3w wodnych, prowadzone przez do\u015bwiadczonych instruktor\u00f3w. Nasze programy szkoleniowe s\u0105 opracowane z my\u015bl\u0105 o maksymalnej efektywno\u015bci nauki i bezpiecze\u0144stwie uczestnik\u00f3w. Wypo\u017cyczalnia i sprzeda\u017c sprz\u0119tu sportowego: Oferujemy szeroki wyb\u00f3r sprz\u0119tu sportowego do wypo\u017cyczenia i sprzeda\u017cy. W naszym asortymencie znajduj\u0105 si\u0119 najwy\u017cszej jako\u015bci produkty, kt\u00f3re zapewniaj\u0105 doskona\u0142e osi\u0105gi i bezpiecze\u0144stwo podczas uprawiania sport\u00f3w. Imprezy integracyjne i firmowe: Specjalizujemy si\u0119 w organizacji niezapomnianych imprez integracyjnych i firmowych. Oferujemy pe\u0142n\u0105 obs\u0142ug\u0119 wydarze\u0144, w tym atrakcyjne programy aktywno\u015bci, kt\u00f3re sprzyjaj\u0105 budowaniu zespo\u0142u i wzmacnianiu relacji w firmie. Zapraszamy do zapoznania si\u0119 z nasz\u0105 pe\u0142n\u0105 ofert\u0105 i skorzystania z naszych us\u0142ug. Gwarantujemy profesjonalizm, pasj\u0119 i zaanga\u017cowanie w ka\u017cd\u0105 realizowan\u0105 przez nas inicjatyw\u0119.<\/p>\n","protected":false},"author":1,"featured_media":0,"parent":0,"menu_order":0,"comment_status":"closed","ping_status":"closed","template":"","meta":{"footnotes":""},"class_list":["post-292","page","type-page","status-publish","hentry"],"yoast_head":"<!-- This site is optimized with the Yoast SEO plugin v24.1 - https:\/\/yoast.com\/wordpress\/plugins\/seo\/ -->\n<title>Witamy na naszej stronie! - DH+<\/title>\n<meta name=\"robots\" content=\"index, follow, max-snippet:-1, max-image-preview:large, max-video-preview:-1\" \/>\n<link rel=\"canonical\" href=\"https:\/\/dhplus.pl\/\" \/>\n<meta property=\"og:locale\" content=\"pl_PL\" \/>\n<meta property=\"og:type\" content=\"article\" \/>\n<meta property=\"og:title\" content=\"Witamy na naszej stronie! - DH+\" \/>\n<meta property=\"og:description\" content=\"Jeste\u015bmy dynamicznie rozwijaj\u0105c\u0105 si\u0119 firm\u0105, specjalizuj\u0105c\u0105 si\u0119 w kompleksowej obs\u0142udze turystycznej i sportowej. Oferujemy szeroki wachlarz us\u0142ug, kt\u00f3re zadowol\u0105 zar\u00f3wno mi\u0142o\u015bnik\u00f3w aktywnego wypoczynku, jak i firmy poszukuj\u0105ce wyj\u0105tkowych miejsc na imprezy integracyjne. Noclegi: Zapewniamy komfortowe i przytulne miejsca noclegowe, idealne zar\u00f3wno dla pojedynczych go\u015bci, jak i grup. Nasze obiekty znajduj\u0105 si\u0119 w malowniczych lokalizacjach, kt\u00f3re sprzyjaj\u0105 relaksowi i odpoczynkowi po aktywnym dniu. Szko\u0142a kite Dh+: Nasza szko\u0142a kite Dh+ to idealne miejsce dla wszystkich, kt\u00f3rzy chc\u0105 nauczy\u0107 si\u0119 kitesurfingu lub doskonali\u0107 swoje umiej\u0119tno\u015bci. Prowadzimy kursy na r\u00f3\u017cnych poziomach zaawansowania, dostosowane do indywidualnych potrzeb i umiej\u0119tno\u015bci naszych kursant\u00f3w. Szkolenia: Organizujemy profesjonalne szkolenia w zakresie sport\u00f3w wodnych, prowadzone przez do\u015bwiadczonych instruktor\u00f3w. Nasze programy szkoleniowe s\u0105 opracowane z my\u015bl\u0105 o maksymalnej efektywno\u015bci nauki i bezpiecze\u0144stwie uczestnik\u00f3w. Wypo\u017cyczalnia i sprzeda\u017c sprz\u0119tu sportowego: Oferujemy szeroki wyb\u00f3r sprz\u0119tu sportowego do wypo\u017cyczenia i sprzeda\u017cy. W naszym asortymencie znajduj\u0105 si\u0119 najwy\u017cszej jako\u015bci produkty, kt\u00f3re zapewniaj\u0105 doskona\u0142e osi\u0105gi i bezpiecze\u0144stwo podczas uprawiania sport\u00f3w. Imprezy integracyjne i firmowe: Specjalizujemy si\u0119 w organizacji niezapomnianych imprez integracyjnych i firmowych. Oferujemy pe\u0142n\u0105 obs\u0142ug\u0119 wydarze\u0144, w tym atrakcyjne programy aktywno\u015bci, kt\u00f3re sprzyjaj\u0105 budowaniu zespo\u0142u i wzmacnianiu relacji w firmie. Zapraszamy do zapoznania si\u0119 z nasz\u0105 pe\u0142n\u0105 ofert\u0105 i skorzystania z naszych us\u0142ug. Gwarantujemy profesjonalizm, pasj\u0119 i zaanga\u017cowanie w ka\u017cd\u0105 realizowan\u0105 przez nas inicjatyw\u0119.\" \/>\n<meta property=\"og:url\" content=\"https:\/\/dhplus.pl\/\" \/>\n<meta property=\"og:site_name\" content=\"DH+\" \/>\n<meta property=\"article:modified_time\" content=\"2024-06-02T15:22:38+00:00\" \/>\n<meta name=\"twitter:card\" content=\"summary_large_image\" \/>\n<meta name=\"twitter:label1\" content=\"Szacowany czas czytania\" \/>\n\t<meta name=\"twitter:data1\" content=\"2 minuty\" \/>\n<script type=\"application\/ld+json\" class=\"yoast-schema-graph\">{\"@context\":\"https:\/\/schema.org\",\"@graph\":[{\"@type\":\"WebPage\",\"@id\":\"https:\/\/dhplus.pl\/\",\"url\":\"https:\/\/dhplus.pl\/\",\"name\":\"Witamy na naszej stronie! - DH+\",\"isPartOf\":{\"@id\":\"https:\/\/dhplus.pl\/#website\"},\"datePublished\":\"2024-06-02T15:13:46+00:00\",\"dateModified\":\"2024-06-02T15:22:38+00:00\",\"breadcrumb\":{\"@id\":\"https:\/\/dhplus.pl\/#breadcrumb\"},\"inLanguage\":\"pl-PL\",\"potentialAction\":[{\"@type\":\"ReadAction\",\"target\":[\"https:\/\/dhplus.pl\/\"]}]},{\"@type\":\"BreadcrumbList\",\"@id\":\"https:\/\/dhplus.pl\/#breadcrumb\",\"itemListElement\":[{\"@type\":\"ListItem\",\"position\":1,\"name\":\"Strona g\u0142\u00f3wna\",\"item\":\"https:\/\/dhplus.pl\/\"},{\"@type\":\"ListItem\",\"position\":2,\"name\":\"Witamy na naszej stronie!\"}]},{\"@type\":\"WebSite\",\"@id\":\"https:\/\/dhplus.pl\/#website\",\"url\":\"https:\/\/dhplus.pl\/\",\"name\":\"DH+\",\"description\":\"\",\"potentialAction\":[{\"@type\":\"SearchAction\",\"target\":{\"@type\":\"EntryPoint\",\"urlTemplate\":\"https:\/\/dhplus.pl\/?s={search_term_string}\"},\"query-input\":{\"@type\":\"PropertyValueSpecification\",\"valueRequired\":true,\"valueName\":\"search_term_string\"}}],\"inLanguage\":\"pl-PL\"}]}<\/script>\n<!-- \/ Yoast SEO plugin. -->","yoast_head_json":{"title":"Witamy na naszej stronie! - DH+","robots":{"index":"index","follow":"follow","max-snippet":"max-snippet:-1","max-image-preview":"max-image-preview:large","max-video-preview":"max-video-preview:-1"},"canonical":"https:\/\/dhplus.pl\/","og_locale":"pl_PL","og_type":"article","og_title":"Witamy na naszej stronie! - DH+","og_description":"Jeste\u015bmy dynamicznie rozwijaj\u0105c\u0105 si\u0119 firm\u0105, specjalizuj\u0105c\u0105 si\u0119 w kompleksowej obs\u0142udze turystycznej i sportowej. Oferujemy szeroki wachlarz us\u0142ug, kt\u00f3re zadowol\u0105 zar\u00f3wno mi\u0142o\u015bnik\u00f3w aktywnego wypoczynku, jak i firmy poszukuj\u0105ce wyj\u0105tkowych miejsc na imprezy integracyjne. Noclegi: Zapewniamy komfortowe i przytulne miejsca noclegowe, idealne zar\u00f3wno dla pojedynczych go\u015bci, jak i grup. Nasze obiekty znajduj\u0105 si\u0119 w malowniczych lokalizacjach, kt\u00f3re sprzyjaj\u0105 relaksowi i odpoczynkowi po aktywnym dniu. Szko\u0142a kite Dh+: Nasza szko\u0142a kite Dh+ to idealne miejsce dla wszystkich, kt\u00f3rzy chc\u0105 nauczy\u0107 si\u0119 kitesurfingu lub doskonali\u0107 swoje umiej\u0119tno\u015bci. Prowadzimy kursy na r\u00f3\u017cnych poziomach zaawansowania, dostosowane do indywidualnych potrzeb i umiej\u0119tno\u015bci naszych kursant\u00f3w. Szkolenia: Organizujemy profesjonalne szkolenia w zakresie sport\u00f3w wodnych, prowadzone przez do\u015bwiadczonych instruktor\u00f3w. Nasze programy szkoleniowe s\u0105 opracowane z my\u015bl\u0105 o maksymalnej efektywno\u015bci nauki i bezpiecze\u0144stwie uczestnik\u00f3w. Wypo\u017cyczalnia i sprzeda\u017c sprz\u0119tu sportowego: Oferujemy szeroki wyb\u00f3r sprz\u0119tu sportowego do wypo\u017cyczenia i sprzeda\u017cy. W naszym asortymencie znajduj\u0105 si\u0119 najwy\u017cszej jako\u015bci produkty, kt\u00f3re zapewniaj\u0105 doskona\u0142e osi\u0105gi i bezpiecze\u0144stwo podczas uprawiania sport\u00f3w. Imprezy integracyjne i firmowe: Specjalizujemy si\u0119 w organizacji niezapomnianych imprez integracyjnych i firmowych. Oferujemy pe\u0142n\u0105 obs\u0142ug\u0119 wydarze\u0144, w tym atrakcyjne programy aktywno\u015bci, kt\u00f3re sprzyjaj\u0105 budowaniu zespo\u0142u i wzmacnianiu relacji w firmie. Zapraszamy do zapoznania si\u0119 z nasz\u0105 pe\u0142n\u0105 ofert\u0105 i skorzystania z naszych us\u0142ug. Gwarantujemy profesjonalizm, pasj\u0119 i zaanga\u017cowanie w ka\u017cd\u0105 realizowan\u0105 przez nas inicjatyw\u0119.","og_url":"https:\/\/dhplus.pl\/","og_site_name":"DH+","article_modified_time":"2024-06-02T15:22:38+00:00","twitter_card":"summary_large_image","twitter_misc":{"Szacowany czas czytania":"2 minuty"},"schema":{"@context":"https:\/\/schema.org","@graph":[{"@type":"WebPage","@id":"https:\/\/dhplus.pl\/","url":"https:\/\/dhplus.pl\/","name":"Witamy na naszej stronie! - DH+","isPartOf":{"@id":"https:\/\/dhplus.pl\/#website"},"datePublished":"2024-06-02T15:13:46+00:00","dateModified":"2024-06-02T15:22:38+00:00","breadcrumb":{"@id":"https:\/\/dhplus.pl\/#breadcrumb"},"inLanguage":"pl-PL","potentialAction":[{"@type":"ReadAction","target":["https:\/\/dhplus.pl\/"]}]},{"@type":"BreadcrumbList","@id":"https:\/\/dhplus.pl\/#breadcrumb","itemListElement":[{"@type":"ListItem","position":1,"name":"Strona g\u0142\u00f3wna","item":"https:\/\/dhplus.pl\/"},{"@type":"ListItem","position":2,"name":"Witamy na naszej stronie!"}]},{"@type":"WebSite","@id":"https:\/\/dhplus.pl\/#website","url":"https:\/\/dhplus.pl\/","name":"DH+","description":"","potentialAction":[{"@type":"SearchAction","target":{"@type":"EntryPoint","urlTemplate":"https:\/\/dhplus.pl\/?s={search_term_string}"},"query-input":{"@type":"PropertyValueSpecification","valueRequired":true,"valueName":"search_term_string"}}],"inLanguage":"pl-PL"}]}},"_links":{"self":[{"href":"https:\/\/dhplus.pl\/index.php\/wp-json\/wp\/v2\/pages\/292","targetHints":{"allow":["GET"]}}],"collection":[{"href":"https:\/\/dhplus.pl\/index.php\/wp-json\/wp\/v2\/pages"}],"about":[{"href":"https:\/\/dhplus.pl\/index.php\/wp-json\/wp\/v2\/types\/page"}],"author":[{"embeddable":true,"href":"https:\/\/dhplus.pl\/index.php\/wp-json\/wp\/v2\/users\/1"}],"replies":[{"embeddable":true,"href":"https:\/\/dhplus.pl\/index.php\/wp-json\/wp\/v2\/comments?post=292"}],"version-history":[{"count":3,"href":"https:\/\/dhplus.pl\/index.php\/wp-json\/wp\/v2\/pages\/292\/revisions"}],"predecessor-version":[{"id":296,"href":"https:\/\/dhplus.pl\/index.php\/wp-json\/wp\/v2\/pages\/292\/revisions\/296"}],"wp:attachment":[{"href":"https:\/\/dhplus.pl\/index.php\/wp-json\/wp\/v2\/media?parent=292"}],"curies":[{"name":"wp","href":"https:\/\/api.w.org\/{rel}","templated":true}]}}