{"id":104,"date":"2021-06-26T19:43:09","date_gmt":"2021-06-26T17:43:09","guid":{"rendered":"https:\/\/dhplus.pl\/?page_id=104"},"modified":"2024-06-02T18:17:13","modified_gmt":"2024-06-02T16:17:13","slug":"witamy","status":"publish","type":"page","link":"https:\/\/dhplus.pl\/index.php\/witamy\/","title":{"rendered":"Witamy"},"content":{"rendered":"\n<p>Zapraszamy do jednego z najbardziej urokliwych i nieodkrytych miejsc w Polsce &#8211; \u0141opaty Polskiej, pi\u0119kne po\u0142o\u017conej w dolinie Popradu<\/p>\n\n\n\n<p><\/p>\n\n\n\n<div class=\"wp-block-image\"><figure class=\"aligncenter size-large is-resized\"><img loading=\"lazy\" decoding=\"async\" src=\"https:\/\/dhplus.pl\/wp-content\/uploads\/2021\/06\/indeks.png\" alt=\"\" class=\"wp-image-41\" width=\"300\" height=\"168\"\/><figcaption><code><a href=\"https:\/\/infoturystyka.pl\/noclegi,2956,zegiestow-zdroj.html\" target=\"_blank\" rel=\"noreferrer noopener\"><\/a><a href=\"https:\/\/infoturystyka.pl\/noclegi,803,muszyna.html\" target=\"_blank\" rel=\"noreferrer noopener\"><\/a><a href=\"https:\/\/infoturystyka.pl\/kraina,beskid-sadecki.html\" target=\"_blank\" rel=\"noreferrer noopener\"><\/a><a href=\"http:\/\/www.infoturystyka.pl\" target=\"_blank\" rel=\"noreferrer noopener\"><\/a><\/code><\/figcaption><\/figure><\/div>\n\n\n\n<center><div style=\"width: 150px; height: 32px; overflow: hidden;\"><a href=\"https:\/\/infoturystyka.pl\/noclegi,2956,zegiestow-zdroj.html\" title=\"noclegi Zegielistow Zdroj\" target=\"_blank\" rel=\"noopener\"><img decoding=\"async\" src=\"http:\/\/www.partnerzy.infoturystyka.pl\/nowy_banner\/partner_a.jpg\" style=\"width: 122px; height: 32px; border: 0; margin:0; padding:0; float: left;\" alt=\"NOCLEGI \u017begiest\u00f3w-Zdr\u00f3j i okolice. Noclegi od 20 z\u0142. Aktualna baza noclegowa, kwatery, pokoje, pensjonaty, wille, agroturystyka\"><\/a><a href=\"https:\/\/infoturystyka.pl\/noclegi,803,muszyna.html\" title=\"noclegi Muszyna\" target=\"_blank\" rel=\"noopener\"><img decoding=\"async\" src=\"http:\/\/www.partnerzy.infoturystyka.pl\/nowy_banner\/partner_b.jpg\" style=\"width: 14px; height: 32px; border: 0; margin:0; padding:0;float: left;\" alt=\"NOCLEGI Muszyna i okolice. Rezerwuj noclegi od 20 z\u0142., kwatery, pokoje, pensjonaty, domki, wille, agroturystyka\"><\/a><a href=\"https:\/\/infoturystyka.pl\/kraina,beskid-sadecki.html\" title=\"noclegi Beskid Slaski\" target=\"_blank\" rel=\"noopener\"><img decoding=\"async\" src=\"http:\/\/www.partnerzy.infoturystyka.pl\/nowy_banner\/partner_c1.jpg\" style=\"width: 14px; height: 16px; border: 0; margin:0; padding:0; float: left;\" alt=\"NOCLEGI Beskid Sadecki i okolice. Noclegi od 20 z\u0142. Aktualna baza noclegowa, DOMKI, pokoje, pensjonaty, wille, agroturystyka\"><\/a><a href=\"http:\/\/www.infoturystyka.pl\" title=\"noclegi\" target=\"_blank\" rel=\"noopener\"><img decoding=\"async\" src=\"http:\/\/www.partnerzy.infoturystyka.pl\/nowy_banner\/partner_c2.jpg\" style=\"width: 14px; height: 16px; border: 0; margin:0; padding:0;\" alt=\"Og\u00f3lnopolski Portal Turystyczny Infoturystyka.pl - noclegi, hotele, pensjonaty, kwatery, pokoje go\u015bcinne, agroturystyka\"><\/a><\/div><\/center>\n\n\n\n<p><\/p>\n","protected":false},"excerpt":{"rendered":"<p>Zapraszamy do jednego z najbardziej urokliwych i nieodkrytych miejsc w Polsce &#8211; \u0141opaty Polskiej, pi\u0119kne po\u0142o\u017conej w dolinie Popradu<\/p>\n","protected":false},"author":1,"featured_media":0,"parent":0,"menu_order":0,"comment_status":"closed","ping_status":"closed","template":"","meta":{"footnotes":""},"class_list":["post-104","page","type-page","status-publish","hentry"],"yoast_head":"<!-- This site is optimized with the Yoast SEO plugin v24.1 - https:\/\/yoast.com\/wordpress\/plugins\/seo\/ -->\n<title>Witamy - DH+<\/title>\n<meta name=\"robots\" content=\"index, follow, max-snippet:-1, max-image-preview:large, max-video-preview:-1\" \/>\n<link rel=\"canonical\" href=\"https:\/\/dhplus.pl\/index.php\/witamy\/\" \/>\n<meta property=\"og:locale\" content=\"pl_PL\" \/>\n<meta property=\"og:type\" content=\"article\" \/>\n<meta property=\"og:title\" content=\"Witamy - DH+\" \/>\n<meta property=\"og:description\" content=\"Zapraszamy do jednego z najbardziej urokliwych i nieodkrytych miejsc w Polsce &#8211; \u0141opaty Polskiej, pi\u0119kne po\u0142o\u017conej w dolinie Popradu\" \/>\n<meta property=\"og:url\" content=\"https:\/\/dhplus.pl\/index.php\/witamy\/\" \/>\n<meta property=\"og:site_name\" content=\"DH+\" \/>\n<meta property=\"article:modified_time\" content=\"2024-06-02T16:17:13+00:00\" \/>\n<meta property=\"og:image\" content=\"https:\/\/dhplus.pl\/wp-content\/uploads\/2021\/06\/indeks.png\" \/>\n<meta name=\"twitter:card\" content=\"summary_large_image\" \/>\n<meta name=\"twitter:label1\" content=\"Szacowany czas czytania\" \/>\n\t<meta name=\"twitter:data1\" content=\"2 minuty\" \/>\n<script type=\"application\/ld+json\" class=\"yoast-schema-graph\">{\"@context\":\"https:\/\/schema.org\",\"@graph\":[{\"@type\":\"WebPage\",\"@id\":\"https:\/\/dhplus.pl\/index.php\/witamy\/\",\"url\":\"https:\/\/dhplus.pl\/index.php\/witamy\/\",\"name\":\"Witamy - DH+\",\"isPartOf\":{\"@id\":\"https:\/\/dhplus.pl\/#website\"},\"primaryImageOfPage\":{\"@id\":\"https:\/\/dhplus.pl\/index.php\/witamy\/#primaryimage\"},\"image\":{\"@id\":\"https:\/\/dhplus.pl\/index.php\/witamy\/#primaryimage\"},\"thumbnailUrl\":\"https:\/\/dhplus.pl\/wp-content\/uploads\/2021\/06\/indeks.png\",\"datePublished\":\"2021-06-26T17:43:09+00:00\",\"dateModified\":\"2024-06-02T16:17:13+00:00\",\"breadcrumb\":{\"@id\":\"https:\/\/dhplus.pl\/index.php\/witamy\/#breadcrumb\"},\"inLanguage\":\"pl-PL\",\"potentialAction\":[{\"@type\":\"ReadAction\",\"target\":[\"https:\/\/dhplus.pl\/index.php\/witamy\/\"]}]},{\"@type\":\"ImageObject\",\"inLanguage\":\"pl-PL\",\"@id\":\"https:\/\/dhplus.pl\/index.php\/witamy\/#primaryimage\",\"url\":\"https:\/\/dhplus.pl\/wp-content\/uploads\/2021\/06\/indeks.png\",\"contentUrl\":\"https:\/\/dhplus.pl\/wp-content\/uploads\/2021\/06\/indeks.png\",\"width\":300,\"height\":168},{\"@type\":\"BreadcrumbList\",\"@id\":\"https:\/\/dhplus.pl\/index.php\/witamy\/#breadcrumb\",\"itemListElement\":[{\"@type\":\"ListItem\",\"position\":1,\"name\":\"Strona g\u0142\u00f3wna\",\"item\":\"https:\/\/dhplus.pl\/\"},{\"@type\":\"ListItem\",\"position\":2,\"name\":\"Witamy\"}]},{\"@type\":\"WebSite\",\"@id\":\"https:\/\/dhplus.pl\/#website\",\"url\":\"https:\/\/dhplus.pl\/\",\"name\":\"DH+\",\"description\":\"\",\"potentialAction\":[{\"@type\":\"SearchAction\",\"target\":{\"@type\":\"EntryPoint\",\"urlTemplate\":\"https:\/\/dhplus.pl\/?s={search_term_string}\"},\"query-input\":{\"@type\":\"PropertyValueSpecification\",\"valueRequired\":true,\"valueName\":\"search_term_string\"}}],\"inLanguage\":\"pl-PL\"}]}<\/script>\n<!-- \/ Yoast SEO plugin. -->","yoast_head_json":{"title":"Witamy - DH+","robots":{"index":"index","follow":"follow","max-snippet":"max-snippet:-1","max-image-preview":"max-image-preview:large","max-video-preview":"max-video-preview:-1"},"canonical":"https:\/\/dhplus.pl\/index.php\/witamy\/","og_locale":"pl_PL","og_type":"article","og_title":"Witamy - DH+","og_description":"Zapraszamy do jednego z najbardziej urokliwych i nieodkrytych miejsc w Polsce &#8211; \u0141opaty Polskiej, pi\u0119kne po\u0142o\u017conej w dolinie Popradu","og_url":"https:\/\/dhplus.pl\/index.php\/witamy\/","og_site_name":"DH+","article_modified_time":"2024-06-02T16:17:13+00:00","og_image":[{"url":"https:\/\/dhplus.pl\/wp-content\/uploads\/2021\/06\/indeks.png","type":"","width":"","height":""}],"twitter_card":"summary_large_image","twitter_misc":{"Szacowany czas czytania":"2 minuty"},"schema":{"@context":"https:\/\/schema.org","@graph":[{"@type":"WebPage","@id":"https:\/\/dhplus.pl\/index.php\/witamy\/","url":"https:\/\/dhplus.pl\/index.php\/witamy\/","name":"Witamy - DH+","isPartOf":{"@id":"https:\/\/dhplus.pl\/#website"},"primaryImageOfPage":{"@id":"https:\/\/dhplus.pl\/index.php\/witamy\/#primaryimage"},"image":{"@id":"https:\/\/dhplus.pl\/index.php\/witamy\/#primaryimage"},"thumbnailUrl":"https:\/\/dhplus.pl\/wp-content\/uploads\/2021\/06\/indeks.png","datePublished":"2021-06-26T17:43:09+00:00","dateModified":"2024-06-02T16:17:13+00:00","breadcrumb":{"@id":"https:\/\/dhplus.pl\/index.php\/witamy\/#breadcrumb"},"inLanguage":"pl-PL","potentialAction":[{"@type":"ReadAction","target":["https:\/\/dhplus.pl\/index.php\/witamy\/"]}]},{"@type":"ImageObject","inLanguage":"pl-PL","@id":"https:\/\/dhplus.pl\/index.php\/witamy\/#primaryimage","url":"https:\/\/dhplus.pl\/wp-content\/uploads\/2021\/06\/indeks.png","contentUrl":"https:\/\/dhplus.pl\/wp-content\/uploads\/2021\/06\/indeks.png","width":300,"height":168},{"@type":"BreadcrumbList","@id":"https:\/\/dhplus.pl\/index.php\/witamy\/#breadcrumb","itemListElement":[{"@type":"ListItem","position":1,"name":"Strona g\u0142\u00f3wna","item":"https:\/\/dhplus.pl\/"},{"@type":"ListItem","position":2,"name":"Witamy"}]},{"@type":"WebSite","@id":"https:\/\/dhplus.pl\/#website","url":"https:\/\/dhplus.pl\/","name":"DH+","description":"","potentialAction":[{"@type":"SearchAction","target":{"@type":"EntryPoint","urlTemplate":"https:\/\/dhplus.pl\/?s={search_term_string}"},"query-input":{"@type":"PropertyValueSpecification","valueRequired":true,"valueName":"search_term_string"}}],"inLanguage":"pl-PL"}]}},"_links":{"self":[{"href":"https:\/\/dhplus.pl\/index.php\/wp-json\/wp\/v2\/pages\/104","targetHints":{"allow":["GET"]}}],"collection":[{"href":"https:\/\/dhplus.pl\/index.php\/wp-json\/wp\/v2\/pages"}],"about":[{"href":"https:\/\/dhplus.pl\/index.php\/wp-json\/wp\/v2\/types\/page"}],"author":[{"embeddable":true,"href":"https:\/\/dhplus.pl\/index.php\/wp-json\/wp\/v2\/users\/1"}],"replies":[{"embeddable":true,"href":"https:\/\/dhplus.pl\/index.php\/wp-json\/wp\/v2\/comments?post=104"}],"version-history":[{"count":7,"href":"https:\/\/dhplus.pl\/index.php\/wp-json\/wp\/v2\/pages\/104\/revisions"}],"predecessor-version":[{"id":319,"href":"https:\/\/dhplus.pl\/index.php\/wp-json\/wp\/v2\/pages\/104\/revisions\/319"}],"wp:attachment":[{"href":"https:\/\/dhplus.pl\/index.php\/wp-json\/wp\/v2\/media?parent=104"}],"curies":[{"name":"wp","href":"https:\/\/api.w.org\/{rel}","templated":true}]}}